{"id":76,"date":"2021-01-06T20:01:41","date_gmt":"2021-01-06T20:01:41","guid":{"rendered":"https:\/\/www.apartamentustrzycki.pl\/?page_id=76"},"modified":"2023-05-23T11:26:16","modified_gmt":"2023-05-23T11:26:16","slug":"ciekawe-miejsca","status":"publish","type":"page","link":"https:\/\/www.apartamentustrzycki.pl\/index.php\/ciekawe-miejsca\/","title":{"rendered":"Ciekawe miejsca"},"content":{"rendered":"<p>Pobyt w naszym apartamencie umo\u017cliwia Pa\u0144stwu zwiedzenie niekt\u00f3rych urokliwych miejsc w naszym mie\u015bcie, gminie i powiecie. Ustrzyki Dolne to niekoronowana stolica Bieszczad\u00f3w. Zapraszamy do obejrzenia w dziale galeria zdj\u0119\u0107, kt\u00f3re pokazuj\u0105 pi\u0119kno naszej bieszczadzkiej ziemi.<\/p>\n<p>&nbsp;<\/p>\n<p><strong>ngg_shortcode_0_placeholder Ustrzyki Dolne Jesieni\u0105<\/strong><\/p>\n<p>&nbsp;<\/p>\n<p><strong>ngg_shortcode_1_placeholder Po\u0142onina Wetli\u0144ska&nbsp;<\/strong><\/p>\n<p>&nbsp;<\/p>\n<p><strong>ngg_shortcode_2_placeholder Zima w Ustrzykach Dolnych<\/strong><\/p>\n","protected":false},"excerpt":{"rendered":"<p>Pobyt w naszym apartamencie umo\u017cliwia Pa\u0144stwu zwiedzenie niekt\u00f3rych urokliwych miejsc w naszym mie\u015bcie, gminie i powiecie. Ustrzyki Dolne to niekoronowana stolica Bieszczad\u00f3w. Zapraszamy do obejrzenia w dziale galeria zdj\u0119\u0107, kt\u00f3re pokazuj\u0105 pi\u0119kno naszej bieszczadzkiej ziemi. &nbsp; Ustrzyki Dolne Jesieni\u0105 &nbsp; Po\u0142onina Wetli\u0144ska&nbsp; &nbsp; Zima w Ustrzykach Dolnych<\/p>\n","protected":false},"author":2,"featured_media":0,"parent":0,"menu_order":0,"comment_status":"closed","ping_status":"closed","template":"","meta":{"ngg_post_thumbnail":0,"footnotes":""},"class_list":["post-76","page","type-page","status-publish","hentry"],"yoast_head":"<!-- This site is optimized with the Yoast SEO plugin v27.4 - https:\/\/yoast.com\/product\/yoast-seo-wordpress\/ -->\n<title>Ciekawe miejsca - Apartament Ustrzycki<\/title>\n<meta name=\"robots\" content=\"index, follow, max-snippet:-1, max-image-preview:large, max-video-preview:-1\" \/>\n<link rel=\"canonical\" href=\"https:\/\/www.apartamentustrzycki.pl\/index.php\/ciekawe-miejsca\/\" \/>\n<meta property=\"og:locale\" content=\"pl_PL\" \/>\n<meta property=\"og:type\" content=\"article\" \/>\n<meta property=\"og:title\" content=\"Ciekawe miejsca - Apartament Ustrzycki\" \/>\n<meta property=\"og:description\" content=\"Pobyt w naszym apartamencie umo\u017cliwia Pa\u0144stwu zwiedzenie niekt\u00f3rych urokliwych miejsc w naszym mie\u015bcie, gminie i powiecie. Ustrzyki Dolne to niekoronowana stolica Bieszczad\u00f3w. Zapraszamy do obejrzenia w dziale galeria zdj\u0119\u0107, kt\u00f3re pokazuj\u0105 pi\u0119kno naszej bieszczadzkiej ziemi. &nbsp; Ustrzyki Dolne Jesieni\u0105 &nbsp; Po\u0142onina Wetli\u0144ska&nbsp; &nbsp; Zima w Ustrzykach Dolnych\" \/>\n<meta property=\"og:url\" content=\"https:\/\/www.apartamentustrzycki.pl\/index.php\/ciekawe-miejsca\/\" \/>\n<meta property=\"og:site_name\" content=\"Apartament Ustrzycki\" \/>\n<meta property=\"article:modified_time\" content=\"2023-05-23T11:26:16+00:00\" \/>\n<meta name=\"twitter:card\" content=\"summary_large_image\" \/>\n<meta name=\"twitter:label1\" content=\"Szacowany czas czytania\" \/>\n\t<meta name=\"twitter:data1\" content=\"1 minuta\" \/>\n<script type=\"application\/ld+json\" class=\"yoast-schema-graph\">{\"@context\":\"https:\\\/\\\/schema.org\",\"@graph\":[{\"@type\":\"WebPage\",\"@id\":\"https:\\\/\\\/www.apartamentustrzycki.pl\\\/index.php\\\/ciekawe-miejsca\\\/\",\"url\":\"https:\\\/\\\/www.apartamentustrzycki.pl\\\/index.php\\\/ciekawe-miejsca\\\/\",\"name\":\"Ciekawe miejsca - Apartament Ustrzycki\",\"isPartOf\":{\"@id\":\"https:\\\/\\\/www.apartamentustrzycki.pl\\\/#website\"},\"datePublished\":\"2021-01-06T20:01:41+00:00\",\"dateModified\":\"2023-05-23T11:26:16+00:00\",\"breadcrumb\":{\"@id\":\"https:\\\/\\\/www.apartamentustrzycki.pl\\\/index.php\\\/ciekawe-miejsca\\\/#breadcrumb\"},\"inLanguage\":\"pl-PL\",\"potentialAction\":[{\"@type\":\"ReadAction\",\"target\":[\"https:\\\/\\\/www.apartamentustrzycki.pl\\\/index.php\\\/ciekawe-miejsca\\\/\"]}]},{\"@type\":\"BreadcrumbList\",\"@id\":\"https:\\\/\\\/www.apartamentustrzycki.pl\\\/index.php\\\/ciekawe-miejsca\\\/#breadcrumb\",\"itemListElement\":[{\"@type\":\"ListItem\",\"position\":1,\"name\":\"Strona g\u0142\u00f3wna\",\"item\":\"https:\\\/\\\/www.apartamentustrzycki.pl\\\/\"},{\"@type\":\"ListItem\",\"position\":2,\"name\":\"Ciekawe miejsca\"}]},{\"@type\":\"WebSite\",\"@id\":\"https:\\\/\\\/www.apartamentustrzycki.pl\\\/#website\",\"url\":\"https:\\\/\\\/www.apartamentustrzycki.pl\\\/\",\"name\":\"Apartament Ustrzycki\",\"description\":\"Noclegi w Ustrzykach Dolnych - Zapraszamy\",\"potentialAction\":[{\"@type\":\"SearchAction\",\"target\":{\"@type\":\"EntryPoint\",\"urlTemplate\":\"https:\\\/\\\/www.apartamentustrzycki.pl\\\/?s={search_term_string}\"},\"query-input\":{\"@type\":\"PropertyValueSpecification\",\"valueRequired\":true,\"valueName\":\"search_term_string\"}}],\"inLanguage\":\"pl-PL\"}]}<\/script>\n<!-- \/ Yoast SEO plugin. -->","yoast_head_json":{"title":"Ciekawe miejsca - Apartament Ustrzycki","robots":{"index":"index","follow":"follow","max-snippet":"max-snippet:-1","max-image-preview":"max-image-preview:large","max-video-preview":"max-video-preview:-1"},"canonical":"https:\/\/www.apartamentustrzycki.pl\/index.php\/ciekawe-miejsca\/","og_locale":"pl_PL","og_type":"article","og_title":"Ciekawe miejsca - Apartament Ustrzycki","og_description":"Pobyt w naszym apartamencie umo\u017cliwia Pa\u0144stwu zwiedzenie niekt\u00f3rych urokliwych miejsc w naszym mie\u015bcie, gminie i powiecie. Ustrzyki Dolne to niekoronowana stolica Bieszczad\u00f3w. Zapraszamy do obejrzenia w dziale galeria zdj\u0119\u0107, kt\u00f3re pokazuj\u0105 pi\u0119kno naszej bieszczadzkiej ziemi. &nbsp; Ustrzyki Dolne Jesieni\u0105 &nbsp; Po\u0142onina Wetli\u0144ska&nbsp; &nbsp; Zima w Ustrzykach Dolnych","og_url":"https:\/\/www.apartamentustrzycki.pl\/index.php\/ciekawe-miejsca\/","og_site_name":"Apartament Ustrzycki","article_modified_time":"2023-05-23T11:26:16+00:00","twitter_card":"summary_large_image","twitter_misc":{"Szacowany czas czytania":"1 minuta"},"schema":{"@context":"https:\/\/schema.org","@graph":[{"@type":"WebPage","@id":"https:\/\/www.apartamentustrzycki.pl\/index.php\/ciekawe-miejsca\/","url":"https:\/\/www.apartamentustrzycki.pl\/index.php\/ciekawe-miejsca\/","name":"Ciekawe miejsca - Apartament Ustrzycki","isPartOf":{"@id":"https:\/\/www.apartamentustrzycki.pl\/#website"},"datePublished":"2021-01-06T20:01:41+00:00","dateModified":"2023-05-23T11:26:16+00:00","breadcrumb":{"@id":"https:\/\/www.apartamentustrzycki.pl\/index.php\/ciekawe-miejsca\/#breadcrumb"},"inLanguage":"pl-PL","potentialAction":[{"@type":"ReadAction","target":["https:\/\/www.apartamentustrzycki.pl\/index.php\/ciekawe-miejsca\/"]}]},{"@type":"BreadcrumbList","@id":"https:\/\/www.apartamentustrzycki.pl\/index.php\/ciekawe-miejsca\/#breadcrumb","itemListElement":[{"@type":"ListItem","position":1,"name":"Strona g\u0142\u00f3wna","item":"https:\/\/www.apartamentustrzycki.pl\/"},{"@type":"ListItem","position":2,"name":"Ciekawe miejsca"}]},{"@type":"WebSite","@id":"https:\/\/www.apartamentustrzycki.pl\/#website","url":"https:\/\/www.apartamentustrzycki.pl\/","name":"Apartament Ustrzycki","description":"Noclegi w Ustrzykach Dolnych - Zapraszamy","potentialAction":[{"@type":"SearchAction","target":{"@type":"EntryPoint","urlTemplate":"https:\/\/www.apartamentustrzycki.pl\/?s={search_term_string}"},"query-input":{"@type":"PropertyValueSpecification","valueRequired":true,"valueName":"search_term_string"}}],"inLanguage":"pl-PL"}]}},"_links":{"self":[{"href":"https:\/\/www.apartamentustrzycki.pl\/index.php\/wp-json\/wp\/v2\/pages\/76","targetHints":{"allow":["GET"]}}],"collection":[{"href":"https:\/\/www.apartamentustrzycki.pl\/index.php\/wp-json\/wp\/v2\/pages"}],"about":[{"href":"https:\/\/www.apartamentustrzycki.pl\/index.php\/wp-json\/wp\/v2\/types\/page"}],"author":[{"embeddable":true,"href":"https:\/\/www.apartamentustrzycki.pl\/index.php\/wp-json\/wp\/v2\/users\/2"}],"replies":[{"embeddable":true,"href":"https:\/\/www.apartamentustrzycki.pl\/index.php\/wp-json\/wp\/v2\/comments?post=76"}],"version-history":[{"count":3,"href":"https:\/\/www.apartamentustrzycki.pl\/index.php\/wp-json\/wp\/v2\/pages\/76\/revisions"}],"predecessor-version":[{"id":780,"href":"https:\/\/www.apartamentustrzycki.pl\/index.php\/wp-json\/wp\/v2\/pages\/76\/revisions\/780"}],"wp:attachment":[{"href":"https:\/\/www.apartamentustrzycki.pl\/index.php\/wp-json\/wp\/v2\/media?parent=76"}],"curies":[{"name":"wp","href":"https:\/\/api.w.org\/{rel}","templated":true}]}}