{"id":78,"date":"2021-01-06T20:01:51","date_gmt":"2021-01-06T20:01:51","guid":{"rendered":"https:\/\/www.apartamentustrzycki.pl\/?page_id=78"},"modified":"2023-08-07T05:45:07","modified_gmt":"2023-08-07T05:45:07","slug":"regulamin","status":"publish","type":"page","link":"https:\/\/www.apartamentustrzycki.pl\/index.php\/regulamin\/","title":{"rendered":"Regulamin"},"content":{"rendered":"<p><strong>REGULAMIN<\/strong><\/p>\n<ol>\n<li>Apartament wynajmowany jest na doby.<\/li>\n<li>Doba pobytu w apartamencie trwa od godziny 16:00 do godziny 10:00.<\/li>\n<li>\u017byczenie przed\u0142u\u017cenia pobytu poza okres wskazany w dniu przybycia, go\u015b\u0107 powinien zg\u0142osi\u0107 obs\u0142udze apartamentu z wyprzedzeniem. B\u0119d\u0105 one uwzgl\u0119dniane w miar\u0119 mo\u017cliwo\u015bci. Przed\u0142u\u017cenie pobytu mo\u017ce by\u0107 obj\u0119te dodatkow\u0105 op\u0142at\u0105.<\/li>\n<li>Klucze do apartamentu zostan\u0105 przekazane w lokalu przy ul. Chopina 3 m.18, 38-700 Ustrzyki Dolne, po wcze\u015bniejszym kontakcie.<\/li>\n<li>Dok\u0142adny termin i godzina przyjazdu Go\u015bcia do apartamentu powinna zosta\u0107 potwierdzona telefonicznie lub mailowo, najp\u00f3\u017aniej na dzie\u0144 przed przyjazdem, osobie odpowiedzialnej za rezerwacj\u0119 wskazanej przez Apartamentustrzycki.pl. W&nbsp;przypadku braku mo\u017cliwo\u015bci dotarcia przez Go\u015bcia do apartamentu na um\u00f3wion\u0105 godzin\u0119 Apartamentustrzycki.pl zastrzega sobie prawo do zmiany miejsca przekazania kluczy.<\/li>\n<li>Zameldowanie po godzinie 24.00 jest opcjonalne i musi by\u0107 ka\u017cdorazowo potwierdzone przez Apartamentustrzycki.pl. Go\u015b\u0107 zobowi\u0105zany jest poinformowa\u0107 Apartamentustrzycki.pl o zameldowaniu po 24.00 z wyprzedzeniem 24 godzinnym. W przypadku braku takiej informacji, zameldowanie mo\u017ce nie by\u0107 mo\u017cliwe, a rezerwacje mo\u017ce zosta\u0107 odwo\u0142ana z powodu niedojazdu.<\/li>\n<li>Do czynno\u015bci zameldowania wymagany jest dow\u00f3d osobisty. Je\u017celi dow\u00f3d osobisty budzi w\u0105tpliwo\u015bci osoby wyznaczonej do kontaktu z go\u015bciem, ma ona prawo poprosi\u0107 o inny dokument potwierdzaj\u0105cy to\u017csamo\u015b\u0107 osoby meldowanej.<\/li>\n<li>Apartamentustrzycki.pl zastrzega sobie prawo do odmowy przyj\u0119cia Go\u015bcia, bez mo\u017cliwo\u015bci refundacji op\u0142aty za pobyt, kt\u00f3ry:\n<ol>\n<li>nie posiada dowodu to\u017csamo\u015bci lub nie chce okaza\u0107 dowodu to\u017csamo\u015bci<\/li>\n<li>znajduje si\u0119 pod wp\u0142ywem alkoholu lub innych \u015brodk\u00f3w odurzaj\u0105cych<\/li>\n<li>odnosi si\u0119 wulgarnie do pracownika apartamentu<\/li>\n<li>stosuje gro\u017aby karalne lub jak\u0105kolwiek form\u0119 szanta\u017cu<\/li>\n<li>odmawia zap\u0142aty za pobyt lub obowi\u0105zkowe op\u0142aty<\/li>\n<\/ol>\n<\/li>\n<li>Go\u015b\u0107 za zgod\u0105 Apartamentustrzycki.pl mo\u017ce przenie\u015b\u0107 wszelkie prawa i obowi\u0105zki wynikaj\u0105ce z zawartej umowy na osob\u0119 trzeci\u0105, pod warunkiem przej\u0119cia przez t\u0105 osob\u0119 wszelkich praw i obowi\u0105zk\u00f3w wynikaj\u0105cych z zawartej umowy.<\/li>\n<li>Go\u015b\u0107 w dniu zameldowania powinien zg\u0142osi\u0107 wszelkie braki lub usterki znajduj\u0105ce si\u0119 w apartamencie.<\/li>\n<li>Niezg\u0142oszenie uwag i zastrze\u017ce\u0144 (w formie pisemnej: sms, email etc.) co do stanu technicznego w dniu zameldowania do apartamentu, r\u00f3wnoznaczne jest z tym, \u017ce apartament, jak i zawarte w nim sprz\u0119ty, zosta\u0142 oddany do u\u017cytku w stanie nie budz\u0105cym uwag i zastrze\u017ce\u0144 go\u015bcia.<\/li>\n<li>Go\u015b\u0107 ponosi ca\u0142kowit\u0105 odpowiedzialno\u015b\u0107 za szkody w Lokalu lub jego wyposa\u017ceniu oraz nieruchomo\u015bci wsp\u00f3lnej, w tym w cz\u0119\u015bciach wsp\u00f3lnych budynku, w kt\u00f3rym po\u0142o\u017cony jest Lokal, jak i w mieszkaniach s\u0105siaduj\u0105cych z Lokalem, nie wynikaj\u0105ce z normalnego u\u017cytkowania Lokalu, wyrz\u0105dzone przez Klienta oraz przez osoby przebywaj\u0105ce z nim w Lokalu.<\/li>\n<li>Wi\u0119ksze ni\u017c normalne zu\u017cycie r\u0119cznik\u00f3w skutkuj\u0105ce ich zniszczeniem, obci\u0105\u017cane jest dodatkow\u0105 op\u0142at\u0105 w wysoko\u015bci 40 z\u0142 za sztuk\u0119.<\/li>\n<li>Go\u015b\u0107 jest zobowi\u0105zany do naprawienia szk\u00f3d wyrz\u0105dzonych Apartamentustrzycki.pl oraz osobom trzecim zar\u00f3wno w Lokalu jak i w nieruchomo\u015bciach wsp\u00f3lnych, w tym w cz\u0119\u015bciach wsp\u00f3lnych budynku, jak i lokalach s\u0105siednich, przez siebie oraz osoby, za kt\u00f3re ponosi odpowiedzialno\u015b\u0107. Klient zobowi\u0105zany jest do poinformowania Apartamentustrzycki.pl lub osoby upowa\u017cnionej o wszelkich usterkach, zniszczeniach lub szkodzie wyrz\u0105dzonej przez niego i osoby, za kt\u00f3re ponosi odpowiedzialno\u015b\u0107.<\/li>\n<li>Liczba os\u00f3b maj\u0105cych zamieszka\u0107 w obiekcie jest ograniczona do liczby zg\u0142oszonej w procesie rezerwacji. Je\u017celi ilo\u015b\u0107 os\u00f3b oka\u017ce si\u0119 wi\u0119ksza ni\u017c podana przy rezerwacji Najemca zobowi\u0105zuj si\u0119 zap\u0142aci\u0107 kar\u0119 umown\u0105 w wysoko\u015bci 200 z\u0142 za ka\u017cd\u0105 dodatkow\u0105 osob\u0119 za dob\u0119. W przypadku przekroczenia dopuszczalnej liczby os\u00f3b w apartamencie Apartamentustrzycki.pl mo\u017ce r\u00f3wnie\u017c odm\u00f3wi\u0107 wydania kluczy.<\/li>\n<li>Przebywanie w apartamencie zwierz\u0105t jest niedozwolone. Z\u0142amanie tego zakazu skutkuje kar\u0105 pieni\u0119\u017cn\u0105 w wysoko\u015bci 300 z\u0142 za ka\u017cd\u0105 zarezerwowan\u0105 przez Go\u015bcia dob\u0119. (Chyba, \u017ce ustalono inaczej w formie pisemnej).<\/li>\n<li>W apartamencie obowi\u0105zuje ca\u0142kowity zakaz palenia papieros\u00f3w, wyrob\u00f3w tytoniowych i innych u\u017cywek. W przypadku wyczucia zapachu wy\u017cej wymienionych, Apartamentustrzycki.pl obci\u0105\u017cy go\u015bcia kwot\u0105 w wysoko\u015bci 500 z\u0142 za wywabianie zapachu.<\/li>\n<li>Go\u015b\u0107 zobowi\u0105zany jest do przestrzegania zasad dobrego s\u0105siedztwa, zachowanie czysto\u015bci w lokalu, na klatkach schodowych oraz w obr\u0119bie zajmowanego budynku i utrzymywania wynaj\u0119tego apartamentu w nale\u017cytym stanie.<\/li>\n<li>Je\u017celi w skutek zak\u0142\u00f3cania przez Go\u015bci porz\u0105dku przedstawiciel Apartamentustrzycki.pl zostanie wezwany do Apartamentu lub wezwana do interwencji zostanie Policja, Apartamentustrzycki.pl uprawniony b\u0119dzie do natychmiastowego rozwi\u0105zania umowy z winy klienta i jednocze\u015bnie ma prawo obci\u0105\u017cy\u0107 Go\u015bcia kwot\u0105 1000 z\u0142 kary.<\/li>\n<li>W dniu wyjazdu Go\u015b\u0107 zobowi\u0105zany jest udost\u0119pni\u0107 Apartamentustrzycki.pl wynajmowany lokal w celu skontrolowania jego stanu.<\/li>\n<li>Klient ponosi pe\u0142n\u0105 odpowiedzialno\u015b\u0107 za powierzone mu klucze do Lokalu oraz piloty. Zagubienie klucza lub pilota obci\u0105\u017cane jest dodatkow\u0105 op\u0142at\u0105 w wysoko\u015bci 100,00 z\u0142&nbsp;za sztuk\u0119<\/li>\n<li>Wcze\u015bniejszy wyjazd Go\u015bcia, z przyczyn niezale\u017cnych od w\u0142a\u015bcicieli apartamentu nie uprawnia go do \u017c\u0105dania zwrotu kwoty za niewykorzystane \u015bwiadczenie.<\/li>\n<li>Do kwestii nieuregulowanych niniejszym regulaminem maj\u0105 zastosowanie przepisy Kodeksu Cywilnego.<\/li>\n<li>S\u0105dem w\u0142a\u015bciwym dla rozwi\u0105zywania wszelkich spor\u00f3w jest s\u0105d w\u0142a\u015bciwy dla Apartamentustrzycki.pl<\/li>\n<\/ol>\n<p><strong>RODO<\/strong><\/p>\n<p>Zgodnie z art. 13 og\u00f3lnego rozporz\u0105dzenia o ochronie danych osobowych z dnia 27 kwietnia 2016 r. (Dz. Urz. UE L 119 z 04.05.2016) informuj\u0119, i\u017c:<\/p>\n<ol>\n<li>Administratorem Pani\/Pana danych osobowych jest Apartamentustrzycki.pl, z siedzib\u0105 ul. Chopina 3 m.18, 38-700 Ustrzyki Dolne.<\/li>\n<li>Kontakt z Inspektorem Ochrony Danych \u2013 rodo(at)apartamentustrzycki.pl<\/li>\n<li>Pani\/Pana dane osobowe przetwarzane b\u0119d\u0105\u0328 w celu realizacji umowy Podstaw\u0105 do przetwarzania tych danych jest art. 6 pkt 1 lit b RODO<\/li>\n<li>Odbiorcami Pani\/Pana danych osobowych b\u0119d\u0105\u0328 wy\u0142\u0105cznie podmioty uprawnione do uzyskania danych osobowych na podstawie przepis\u00f3w prawa oraz dostawcy us\u0142ug dodatkowych przy kt\u00f3rych rezerwacji po\u015bredniczymy<\/li>\n<li>Pani\/Pana dane osobowe przechowywane b\u0119d\u0105\u0328 przez okres 1 roku<\/li>\n<li>Posiada Pani\/Pan prawo do \u017c\u0105dania od administratora dost\u0119pu do danych osobowych, ich sprostowania, usuni\u0119cia lub ograniczenia przetwarzania, wniesienia sprzeciwu wobec przetwarzania danych, przenoszenia danych oraz prawo do cofni\u0119cia zgody.<\/li>\n<li>Ma Pani\/Pan prawo wniesienia skargi do organu nadzorczego,<\/li>\n<li>Podanie danych osobowych jest warunkiem zawarcia umowy \/ ich niepodanie mo\u017ce skutkowa\u0107\u0301 odmow\u0105 realizacji us\u0142ugi.<\/li>\n<\/ol>\n<p>&nbsp;<\/p>\n","protected":false},"excerpt":{"rendered":"<p>REGULAMIN Apartament wynajmowany jest na doby. Doba pobytu w apartamencie trwa od godziny 16:00 do godziny 10:00. \u017byczenie przed\u0142u\u017cenia pobytu poza okres wskazany w dniu przybycia, go\u015b\u0107 powinien zg\u0142osi\u0107 obs\u0142udze apartamentu z wyprzedzeniem. B\u0119d\u0105 one uwzgl\u0119dniane w miar\u0119 mo\u017cliwo\u015bci. Przed\u0142u\u017cenie pobytu mo\u017ce by\u0107 obj\u0119te dodatkow\u0105 op\u0142at\u0105. Klucze do apartamentu zostan\u0105 &hellip;<\/p>\n","protected":false},"author":2,"featured_media":0,"parent":0,"menu_order":0,"comment_status":"closed","ping_status":"closed","template":"","meta":{"ngg_post_thumbnail":0,"footnotes":""},"class_list":["post-78","page","type-page","status-publish","hentry"],"yoast_head":"<!-- This site is optimized with the Yoast SEO plugin v27.4 - https:\/\/yoast.com\/product\/yoast-seo-wordpress\/ -->\n<title>Regulamin - Apartament Ustrzycki<\/title>\n<meta name=\"robots\" content=\"index, follow, max-snippet:-1, max-image-preview:large, max-video-preview:-1\" \/>\n<link rel=\"canonical\" href=\"https:\/\/www.apartamentustrzycki.pl\/index.php\/regulamin\/\" \/>\n<meta property=\"og:locale\" content=\"pl_PL\" \/>\n<meta property=\"og:type\" content=\"article\" \/>\n<meta property=\"og:title\" content=\"Regulamin - Apartament Ustrzycki\" \/>\n<meta property=\"og:description\" content=\"REGULAMIN Apartament wynajmowany jest na doby. Doba pobytu w apartamencie trwa od godziny 16:00 do godziny 10:00. \u017byczenie przed\u0142u\u017cenia pobytu poza okres wskazany w dniu przybycia, go\u015b\u0107 powinien zg\u0142osi\u0107 obs\u0142udze apartamentu z wyprzedzeniem. B\u0119d\u0105 one uwzgl\u0119dniane w miar\u0119 mo\u017cliwo\u015bci. Przed\u0142u\u017cenie pobytu mo\u017ce by\u0107 obj\u0119te dodatkow\u0105 op\u0142at\u0105. Klucze do apartamentu zostan\u0105 &hellip;\" \/>\n<meta property=\"og:url\" content=\"https:\/\/www.apartamentustrzycki.pl\/index.php\/regulamin\/\" \/>\n<meta property=\"og:site_name\" content=\"Apartament Ustrzycki\" \/>\n<meta property=\"article:modified_time\" content=\"2023-08-07T05:45:07+00:00\" \/>\n<meta name=\"twitter:card\" content=\"summary_large_image\" \/>\n<meta name=\"twitter:label1\" content=\"Szacowany czas czytania\" \/>\n\t<meta name=\"twitter:data1\" content=\"6 minut\" \/>\n<script type=\"application\/ld+json\" class=\"yoast-schema-graph\">{\"@context\":\"https:\\\/\\\/schema.org\",\"@graph\":[{\"@type\":\"WebPage\",\"@id\":\"https:\\\/\\\/www.apartamentustrzycki.pl\\\/index.php\\\/regulamin\\\/\",\"url\":\"https:\\\/\\\/www.apartamentustrzycki.pl\\\/index.php\\\/regulamin\\\/\",\"name\":\"Regulamin - Apartament Ustrzycki\",\"isPartOf\":{\"@id\":\"https:\\\/\\\/www.apartamentustrzycki.pl\\\/#website\"},\"datePublished\":\"2021-01-06T20:01:51+00:00\",\"dateModified\":\"2023-08-07T05:45:07+00:00\",\"breadcrumb\":{\"@id\":\"https:\\\/\\\/www.apartamentustrzycki.pl\\\/index.php\\\/regulamin\\\/#breadcrumb\"},\"inLanguage\":\"pl-PL\",\"potentialAction\":[{\"@type\":\"ReadAction\",\"target\":[\"https:\\\/\\\/www.apartamentustrzycki.pl\\\/index.php\\\/regulamin\\\/\"]}]},{\"@type\":\"BreadcrumbList\",\"@id\":\"https:\\\/\\\/www.apartamentustrzycki.pl\\\/index.php\\\/regulamin\\\/#breadcrumb\",\"itemListElement\":[{\"@type\":\"ListItem\",\"position\":1,\"name\":\"Strona g\u0142\u00f3wna\",\"item\":\"https:\\\/\\\/www.apartamentustrzycki.pl\\\/\"},{\"@type\":\"ListItem\",\"position\":2,\"name\":\"Regulamin\"}]},{\"@type\":\"WebSite\",\"@id\":\"https:\\\/\\\/www.apartamentustrzycki.pl\\\/#website\",\"url\":\"https:\\\/\\\/www.apartamentustrzycki.pl\\\/\",\"name\":\"Apartament Ustrzycki\",\"description\":\"Noclegi w Ustrzykach Dolnych - Zapraszamy\",\"potentialAction\":[{\"@type\":\"SearchAction\",\"target\":{\"@type\":\"EntryPoint\",\"urlTemplate\":\"https:\\\/\\\/www.apartamentustrzycki.pl\\\/?s={search_term_string}\"},\"query-input\":{\"@type\":\"PropertyValueSpecification\",\"valueRequired\":true,\"valueName\":\"search_term_string\"}}],\"inLanguage\":\"pl-PL\"}]}<\/script>\n<!-- \/ Yoast SEO plugin. -->","yoast_head_json":{"title":"Regulamin - Apartament Ustrzycki","robots":{"index":"index","follow":"follow","max-snippet":"max-snippet:-1","max-image-preview":"max-image-preview:large","max-video-preview":"max-video-preview:-1"},"canonical":"https:\/\/www.apartamentustrzycki.pl\/index.php\/regulamin\/","og_locale":"pl_PL","og_type":"article","og_title":"Regulamin - Apartament Ustrzycki","og_description":"REGULAMIN Apartament wynajmowany jest na doby. Doba pobytu w apartamencie trwa od godziny 16:00 do godziny 10:00. \u017byczenie przed\u0142u\u017cenia pobytu poza okres wskazany w dniu przybycia, go\u015b\u0107 powinien zg\u0142osi\u0107 obs\u0142udze apartamentu z wyprzedzeniem. B\u0119d\u0105 one uwzgl\u0119dniane w miar\u0119 mo\u017cliwo\u015bci. Przed\u0142u\u017cenie pobytu mo\u017ce by\u0107 obj\u0119te dodatkow\u0105 op\u0142at\u0105. Klucze do apartamentu zostan\u0105 &hellip;","og_url":"https:\/\/www.apartamentustrzycki.pl\/index.php\/regulamin\/","og_site_name":"Apartament Ustrzycki","article_modified_time":"2023-08-07T05:45:07+00:00","twitter_card":"summary_large_image","twitter_misc":{"Szacowany czas czytania":"6 minut"},"schema":{"@context":"https:\/\/schema.org","@graph":[{"@type":"WebPage","@id":"https:\/\/www.apartamentustrzycki.pl\/index.php\/regulamin\/","url":"https:\/\/www.apartamentustrzycki.pl\/index.php\/regulamin\/","name":"Regulamin - Apartament Ustrzycki","isPartOf":{"@id":"https:\/\/www.apartamentustrzycki.pl\/#website"},"datePublished":"2021-01-06T20:01:51+00:00","dateModified":"2023-08-07T05:45:07+00:00","breadcrumb":{"@id":"https:\/\/www.apartamentustrzycki.pl\/index.php\/regulamin\/#breadcrumb"},"inLanguage":"pl-PL","potentialAction":[{"@type":"ReadAction","target":["https:\/\/www.apartamentustrzycki.pl\/index.php\/regulamin\/"]}]},{"@type":"BreadcrumbList","@id":"https:\/\/www.apartamentustrzycki.pl\/index.php\/regulamin\/#breadcrumb","itemListElement":[{"@type":"ListItem","position":1,"name":"Strona g\u0142\u00f3wna","item":"https:\/\/www.apartamentustrzycki.pl\/"},{"@type":"ListItem","position":2,"name":"Regulamin"}]},{"@type":"WebSite","@id":"https:\/\/www.apartamentustrzycki.pl\/#website","url":"https:\/\/www.apartamentustrzycki.pl\/","name":"Apartament Ustrzycki","description":"Noclegi w Ustrzykach Dolnych - Zapraszamy","potentialAction":[{"@type":"SearchAction","target":{"@type":"EntryPoint","urlTemplate":"https:\/\/www.apartamentustrzycki.pl\/?s={search_term_string}"},"query-input":{"@type":"PropertyValueSpecification","valueRequired":true,"valueName":"search_term_string"}}],"inLanguage":"pl-PL"}]}},"_links":{"self":[{"href":"https:\/\/www.apartamentustrzycki.pl\/index.php\/wp-json\/wp\/v2\/pages\/78","targetHints":{"allow":["GET"]}}],"collection":[{"href":"https:\/\/www.apartamentustrzycki.pl\/index.php\/wp-json\/wp\/v2\/pages"}],"about":[{"href":"https:\/\/www.apartamentustrzycki.pl\/index.php\/wp-json\/wp\/v2\/types\/page"}],"author":[{"embeddable":true,"href":"https:\/\/www.apartamentustrzycki.pl\/index.php\/wp-json\/wp\/v2\/users\/2"}],"replies":[{"embeddable":true,"href":"https:\/\/www.apartamentustrzycki.pl\/index.php\/wp-json\/wp\/v2\/comments?post=78"}],"version-history":[{"count":8,"href":"https:\/\/www.apartamentustrzycki.pl\/index.php\/wp-json\/wp\/v2\/pages\/78\/revisions"}],"predecessor-version":[{"id":791,"href":"https:\/\/www.apartamentustrzycki.pl\/index.php\/wp-json\/wp\/v2\/pages\/78\/revisions\/791"}],"wp:attachment":[{"href":"https:\/\/www.apartamentustrzycki.pl\/index.php\/wp-json\/wp\/v2\/media?parent=78"}],"curies":[{"name":"wp","href":"https:\/\/api.w.org\/{rel}","templated":true}]}}